{"id":809,"date":"2025-02-22T00:50:21","date_gmt":"2025-02-21T23:50:21","guid":{"rendered":"https:\/\/dostech.ma\/?post_type=product&#038;p=809"},"modified":"2026-04-04T09:10:56","modified_gmt":"2026-04-04T08:10:56","slug":"abonnement-iptv-basic-iptv-maroc-a-prix-pas-cher","status":"publish","type":"product","link":"https:\/\/dostech.ma\/iptvmaroc\/produit\/abonnement-iptv-basic-iptv-maroc-a-prix-pas-cher\/","title":{"rendered":"Abonnement IPTV Basic &#8211; IPTV Maroc a Prix Pas Cher"},"content":{"rendered":"<p>&nbsp;<\/p>\n<p><strong>l&rsquo;abonnement IPTV Basic<\/strong>\u00a0offre une exp\u00e9rience de divertissement compl\u00e8te pour les t\u00e9l\u00e9spectateurs marocains. Il combine un large choix de contenus et des fonctionnalit\u00e9s pratiques. Cela rend l\u2019utilisation quotidienne simplifi\u00e9e.<\/p>\n<p><strong>Dostech<\/strong> change la fa\u00e7on dont vous regardez la t\u00e9l\u00e9. Avec notre<a href=\"https:\/\/dostech.ma\/abonnement-iptv-basic-iptv-maroc-a-prix-pas-cher\/\"> <b>abonnement IPTV Basic<\/b><\/a>, acc\u00e9dez \u00e0 plus de 7000 <b>cha\u00eenes en direct<\/b>. Plus de 6000 sont en HD, tout cela pour un prix abordable.<\/p>\n<h3><strong>c&rsquo;est quoi un abonnement IPTV basic ?<\/strong><\/h3>\n<p><img loading=\"lazy\" decoding=\"async\" class=\"aligncenter wp-image-806 size-large\" title=\"forfait IPTV Basic\" src=\"http:\/\/dostech.ma\/wp-content\/uploads\/2025\/02\/forfait-IPTV-Basic-1024x585.jpg\" alt=\"abonnement-IPTV-basic\" width=\"1024\" height=\"585\" srcset=\"https:\/\/dostech.ma\/wp-content\/uploads\/2025\/02\/forfait-IPTV-Basic-1024x585.jpg 1024w, https:\/\/dostech.ma\/wp-content\/uploads\/2025\/02\/forfait-IPTV-Basic-600x343.jpg 600w, https:\/\/dostech.ma\/wp-content\/uploads\/2025\/02\/forfait-IPTV-Basic-300x171.jpg 300w, https:\/\/dostech.ma\/wp-content\/uploads\/2025\/02\/forfait-IPTV-Basic-768x439.jpg 768w, https:\/\/dostech.ma\/wp-content\/uploads\/2025\/02\/forfait-IPTV-Basic.jpg 1344w\" sizes=\"auto, (max-width: 1024px) 100vw, 1024px\" \/><\/p>\n<p>le <a href=\"https:\/\/dostech.ma\/les-avantages-dun-abonnement-iptv-guide-complet\/\" data-wpil-monitor-id=\"67\">abonnement<b>\u00a0IPTV Basic<\/b>\u00a0offre une exp\u00e9rience de divertissement compl\u00e8te<\/a> pour les t\u00e9l\u00e9spectateurs marocains. Il combine un large choix de contenus et des fonctionnalit\u00e9s pratiques. Cela rend l\u2019utilisation quotidienne simplifi\u00e9e.<\/p>\n<h3>Caracteristique:<\/h3>\n<ul>\n<li><strong>Plus de 7000 cha\u00eenes incluses dans l\u2019 <a href=\"https:\/\/dostech.ma\/abonnements-iptv-en-maroc-tout-ce-que-vous-devez-savoir\/\" data-wpil-monitor-id=\"58\">abonnement IPTV<\/a> Basic<\/strong><\/li>\n<li><strong>Qualit\u00e9 HD pour plus de 5000 cha\u00eenes<\/strong><\/li>\n<li><strong>Compatibilit\u00e9 multi-appareils (smart TV, Android Box, PC, MAC, smartphones)<\/strong><\/li>\n<li><strong>Disponibilit\u00e9 du service garantie \u00e0 99%<\/strong><\/li>\n<li><strong>Assistance client r\u00e9active 24\/7<\/strong><\/li>\n<li><strong>Rapport qualit\u00e9-prix exceptionnel<\/strong><\/li>\n<li><strong>Installation rapide et simple<\/strong><\/li>\n<\/ul>\n<h3>Compatibilit\u00e9 et Installation<\/h3>\n<p>L\u2019IPTV est tr\u00e8s flexible. Il fonctionne sur beaucoup d\u2019appareils. Ainsi, vous pouvez regarder vos programmes pr\u00e9f\u00e9r\u00e9s partout.<\/p>\n<h3>Appareils support\u00e9s<\/h3>\n<ul>\n<li>T\u00e9l\u00e9viseurs intelligents (Smart TV)<\/li>\n<li>Smartphones et tablettes Android<\/li>\n<li>iPhone et iPad (iOS 15 ou version ult\u00e9rieure)<\/li>\n<li>Amazon Fire TV Stick<\/li>\n<li>Ordinateurs Windows (Windows 10 ou version ult\u00e9rieure)<\/li>\n<\/ul>\n<h3>Guide d\u2019installation de<\/h3>\n<p>L\u2019installation IPTV est facile et rapide. Voici comment faire :<\/p>\n<ol>\n<li>Choisissez votre appareil pr\u00e9f\u00e9r\u00e9<\/li>\n<li><a href=\"https:\/\/dostech.ma\/comment-installer-iptv-smarters-pro-2025\/\" data-wpil-monitor-id=\"109\">T\u00e9l\u00e9chargez l\u2019application IPTV<\/a> recommand\u00e9e<\/li>\n<li>Entrez vos identifiants de connexion<\/li>\n<li>Profitez de vos cha\u00eenes et contenus pr\u00e9f\u00e9r\u00e9s<\/li>\n<\/ol>\n<h3>Applications recommand\u00e9es pour l&rsquo;Abonnement IPTV Basic<\/h3>\n<p>Pour une <a href=\"https:\/\/dostech.ma\/les-meilleur-moyen-dutiliser-un-abonnement-iptv-2025\/\" data-wpil-monitor-id=\"120\">meilleure exp\u00e9rience<\/a>, essayez ces applications :<\/p>\n<ul>\n<li><strong><em>IBO PLAYER <\/em><\/strong>\u00a0: Parfaite pour les d\u00e9butants sur <a href=\"http:\/\/apps.apple.com\/fr\/app\/ibo-player\/id1547652240\" target=\"_blank\" rel=\"noopener noreferrer nofollow\"><strong>IOS<\/strong> <\/a>et <a href=\"http:\/\/play.google.com\/store\/apps\/details?id=com.bibostore.zaandk&amp;hl=fr\" target=\"_blank\" rel=\"noopener noreferrer nofollow\"><strong>Android<\/strong><\/a><\/li>\n<li><strong><em>IBO PLAYER PRO <\/em><\/strong>\u00a0: Id\u00e9al pour les utilisateurs avanc\u00e9s, <strong><a href=\"https:\/\/apps.apple.com\/us\/app\/ibo-pro-player\/id6449647925\" target=\"_blank\" rel=\"noopener noreferrer nofollow\">IOS<\/a><\/strong> ,<a href=\"http:\/\/play.google.com\/store\/apps\/details?id=com.ibopro.player&amp;hl=fr\" target=\"_blank\" rel=\"noopener noreferrer nofollow\"><strong>Android<\/strong><\/a><\/li>\n<li><strong><em>BOB PLAYER <\/em><\/strong>\u00a0: Excellente pour <strong><a href=\"https:\/\/apps.apple.com\/us\/app\/bob-player\/id1641620817\" target=\"_blank\" rel=\"noopener noreferrer nofollow\">iOS<\/a><\/strong><\/li>\n<\/ul>\n<p>Ces applications rendent l\u2019installation facile. Vous aurez acc\u00e8s \u00e0 10 000 cha\u00eenes et 15 000 films et s\u00e9ries. Ils sont disponibles en SD, HD, FHD et 4K.<\/p>\n<h3>Contenu et Programmation de l&rsquo;Abonnement IPTV Basic<\/h3>\n<ul>\n<li>\u00a0le forfait\u00a0 IPTV Basic offre un contenu vari\u00e9 pour tous. Il comprend plus de **7000 cha\u00eenes en direct** de tous genres, avec une s\u00e9lection compl\u00e8te pour les fans des cha\u00eenes marocaines.<\/li>\n<li>Il propose aussi un vaste catalogue de **vid\u00e9os \u00e0 la demande (VOD)**, permettant de regarder films et s\u00e9ries \u00e0 tout moment, en toute libert\u00e9.<\/li>\n<\/ul>\n<p>La diffusion s\u2019adapte \u00e0 tous les \u00e9crans, avec une qualit\u00e9 allant du **SD au HD**. Le **guide \u00e9lectronique des programmes (EPG)** facilite la navigation et permet de planifier ses soir\u00e9es TV sans rien manquer.<\/p>\n<h2>Tarification et Options de Paiement<\/h2>\n<ul>\n<li><strong>Tarif avantageux<\/strong> : 250 DH pour 12 mois t IPTV Basic.<\/li>\n<li><strong>Large choix de cha\u00eenes<\/strong> : Plus de 7000 cha\u00eenes en direct, principalement en HD, avec un <a href=\"https:\/\/dostech.ma\/iptv-au-maroc-guide-complet-et-fonctionnement\/\" data-wpil-monitor-id=\"91\">guide TV complet<\/a>.<\/li>\n<li><strong>Paiement s\u00e9curis\u00e9<\/strong> : Carte bancaire, virement ou paiement en ligne.<\/li>\n<li><strong>Essai gratuit<\/strong> : 24 heures pour tester le service.<\/li>\n<li><strong>Meilleur rapport qualit\u00e9-prix<\/strong> : Moins cher que Netflix avec un acc\u00e8s \u00e0 20 000 cha\u00eenes internationales en HD\/4K.<\/li>\n<li><strong>Fiabilit\u00e9 garantie<\/strong> : 99,9% de disponibilit\u00e9 pour un streaming fluide et ininterrompu.<\/li>\n<\/ul>\n","protected":false},"excerpt":{"rendered":"<div class=\"product-short-description\">\n<h2 class=\"ai-optimize-25\">IPTV Basic<\/h2>\n<p class=\"ai-optimize-26\">\u2728 <strong>IPTV Basico offre un acc\u00e8s premium:<\/strong><br \/>\n\u2713 Plus de 7000 cha\u00eenes<br \/>\n\u2713Qualit\u00e9 HD pour plus de 5000 cha\u00eenes<br \/>\n\u2713Disponibilit\u00e9 de 99,9% garantissant un service fiable<br \/>\n\u2713 Compatibilit\u00e9 multi-appareils (smart TV, Android Box, PC, MAC, smartphones)<br \/>\n\u2713 Support 24\/7<\/p>\n<p class=\"ai-optimize-27\">\ud83c\udfaf <strong>Prix:<\/strong> 250DH<br \/>\n\ud83c\udf81 <strong>SUPPORT:<\/strong> Essai gratuit 24h\/7<\/p>\n<p class=\"ai-optimize-28\"><span class=\"highlight-box\">\u26a1 Installation rapide en 5 minutes<\/span><\/p>\n<\/div>\n","protected":false},"featured_media":1773,"comment_status":"open","ping_status":"closed","template":"","meta":{"_uag_custom_page_level_css":"","_kad_blocks_custom_css":"","_kad_blocks_head_custom_js":"","_kad_blocks_body_custom_js":"","_kad_blocks_footer_custom_js":"","_kad_post_transparent":"default","_kad_post_title":"","_kad_post_layout":"default","_kad_post_sidebar_id":"","_kad_post_content_style":"default","_kad_post_vertical_padding":"default","_kad_post_feature":"","_kad_post_feature_position":"","_kad_post_header":false,"_kad_post_footer":false,"_kad_post_classname":""},"product_brand":[],"product_cat":[230],"product_tag":[],"class_list":{"0":"post-809","1":"product","2":"type-product","3":"status-publish","4":"has-post-thumbnail","6":"product_cat-iptv-premium","8":"first","9":"instock","10":"sale","11":"shipping-taxable","12":"purchasable","13":"product-type-simple","14":"entry","15":"content-bg","16":"loop-entry"},"yoast_head":"<!-- This site is optimized with the Yoast SEO Premium plugin v27.3 (Yoast SEO v27.3) - https:\/\/yoast.com\/product\/yoast-seo-premium-wordpress\/ -->\n<title>Abonnement IPTV Basic - IPTV Maroc a Prix Pas Cher - dostech<\/title>\n<meta name=\"description\" content=\"D\u00e9couvrez notre Abonnement IPTV Basic avec plus de 10000 cha\u00eenes TV et VOD. Profitez d&#039;une qualit\u00e9 HD exceptionnelle et d&#039;un service stable pour regarder\" \/>\n<meta name=\"robots\" content=\"index, follow, max-snippet:-1, max-image-preview:large, max-video-preview:-1\" \/>\n<link rel=\"canonical\" href=\"https:\/\/dostech.ma\/iptvmaroc\/produit\/abonnement-iptv-basic-iptv-maroc-a-prix-pas-cher\/\" \/>\n<meta property=\"og:locale\" content=\"fr_FR\" \/>\n<meta property=\"og:type\" content=\"article\" \/>\n<meta property=\"og:title\" content=\"Abonnement IPTV Basic - IPTV Maroc a Prix Pas Cher\" \/>\n<meta property=\"og:description\" content=\"D\u00e9couvrez notre Abonnement IPTV Basic avec plus de 10000 cha\u00eenes TV et VOD. Profitez d&#039;une qualit\u00e9 HD exceptionnelle et d&#039;un service stable pour regarder\" \/>\n<meta property=\"og:url\" content=\"https:\/\/dostech.ma\/iptvmaroc\/produit\/abonnement-iptv-basic-iptv-maroc-a-prix-pas-cher\/\" \/>\n<meta property=\"og:site_name\" content=\"dostech\" \/>\n<meta property=\"article:modified_time\" content=\"2026-04-04T08:10:56+00:00\" \/>\n<meta property=\"og:image\" content=\"https:\/\/dostech.ma\/wp-content\/uploads\/2025\/02\/ChatGPT-Image-21-nov.-2025-19_48_11-1.webp\" \/>\n\t<meta property=\"og:image:width\" content=\"1024\" \/>\n\t<meta property=\"og:image:height\" content=\"1024\" \/>\n\t<meta property=\"og:image:type\" content=\"image\/webp\" \/>\n<meta name=\"twitter:card\" content=\"summary_large_image\" \/>\n<meta name=\"twitter:label1\" content=\"Prix\" \/>\n\t<meta name=\"twitter:data1\" content=\"250,00&nbsp;&#x62f;.&#x645;.\" \/>\n\t<meta name=\"twitter:label2\" content=\"Disponibilit\u00e9\" \/>\n\t<meta name=\"twitter:data2\" content=\"En stock\" \/>\n<script type=\"application\/ld+json\" class=\"yoast-schema-graph\">{\"@context\":\"https:\\\/\\\/schema.org\",\"@graph\":[{\"@type\":\"WebPage\",\"@id\":\"https:\\\/\\\/dostech.ma\\\/iptvmaroc\\\/produit\\\/abonnement-iptv-basic-iptv-maroc-a-prix-pas-cher\\\/\",\"url\":\"https:\\\/\\\/dostech.ma\\\/iptvmaroc\\\/produit\\\/abonnement-iptv-basic-iptv-maroc-a-prix-pas-cher\\\/\",\"name\":\"Abonnement IPTV Basic - IPTV Maroc a Prix Pas Cher - dostech\",\"isPartOf\":{\"@id\":\"https:\\\/\\\/dostech.ma\\\/iptvmaroc\\\/#website\"},\"primaryImageOfPage\":{\"@id\":\"https:\\\/\\\/dostech.ma\\\/iptvmaroc\\\/produit\\\/abonnement-iptv-basic-iptv-maroc-a-prix-pas-cher\\\/#primaryimage\"},\"image\":{\"@id\":\"https:\\\/\\\/dostech.ma\\\/iptvmaroc\\\/produit\\\/abonnement-iptv-basic-iptv-maroc-a-prix-pas-cher\\\/#primaryimage\"},\"thumbnailUrl\":\"https:\\\/\\\/dostech.ma\\\/wp-content\\\/uploads\\\/2025\\\/02\\\/ChatGPT-Image-21-nov.-2025-19_48_11-1.webp\",\"datePublished\":\"2025-02-21T23:50:21+00:00\",\"dateModified\":\"2026-04-04T08:10:56+00:00\",\"description\":\"D\u00e9couvrez notre Abonnement IPTV Basic avec plus de 10000 cha\u00eenes TV et VOD. Profitez d'une qualit\u00e9 HD exceptionnelle et d'un service stable pour regarder\",\"breadcrumb\":{\"@id\":\"https:\\\/\\\/dostech.ma\\\/iptvmaroc\\\/produit\\\/abonnement-iptv-basic-iptv-maroc-a-prix-pas-cher\\\/#breadcrumb\"},\"inLanguage\":\"fr-FR\",\"potentialAction\":[{\"@type\":\"ReadAction\",\"target\":[\"https:\\\/\\\/dostech.ma\\\/iptvmaroc\\\/produit\\\/abonnement-iptv-basic-iptv-maroc-a-prix-pas-cher\\\/\"]}]},{\"@type\":\"ImageObject\",\"inLanguage\":\"fr-FR\",\"@id\":\"https:\\\/\\\/dostech.ma\\\/iptvmaroc\\\/produit\\\/abonnement-iptv-basic-iptv-maroc-a-prix-pas-cher\\\/#primaryimage\",\"url\":\"https:\\\/\\\/dostech.ma\\\/wp-content\\\/uploads\\\/2025\\\/02\\\/ChatGPT-Image-21-nov.-2025-19_48_11-1.webp\",\"contentUrl\":\"https:\\\/\\\/dostech.ma\\\/wp-content\\\/uploads\\\/2025\\\/02\\\/ChatGPT-Image-21-nov.-2025-19_48_11-1.webp\",\"width\":1024,\"height\":1024,\"caption\":\"Abonnement-IPTV-BASIC\"},{\"@type\":\"BreadcrumbList\",\"@id\":\"https:\\\/\\\/dostech.ma\\\/iptvmaroc\\\/produit\\\/abonnement-iptv-basic-iptv-maroc-a-prix-pas-cher\\\/#breadcrumb\",\"itemListElement\":[{\"@type\":\"ListItem\",\"position\":1,\"name\":\"Home\",\"item\":\"https:\\\/\\\/dostech.ma\\\/iptvmaroc\\\/\"},{\"@type\":\"ListItem\",\"position\":2,\"name\":\"Abonnement IPTV\",\"item\":\"https:\\\/\\\/dostech.ma\\\/iptvmaroc\\\/\"},{\"@type\":\"ListItem\",\"position\":3,\"name\":\"Abonnement IPTV Basic &#8211; IPTV Maroc a Prix Pas Cher\"}]},{\"@type\":\"WebSite\",\"@id\":\"https:\\\/\\\/dostech.ma\\\/iptvmaroc\\\/#website\",\"url\":\"https:\\\/\\\/dostech.ma\\\/iptvmaroc\\\/\",\"name\":\"dostech\",\"description\":\"\",\"publisher\":{\"@id\":\"https:\\\/\\\/dostech.ma\\\/iptvmaroc\\\/#organization\"},\"potentialAction\":[{\"@type\":\"SearchAction\",\"target\":{\"@type\":\"EntryPoint\",\"urlTemplate\":\"https:\\\/\\\/dostech.ma\\\/iptvmaroc\\\/?s={search_term_string}\"},\"query-input\":{\"@type\":\"PropertyValueSpecification\",\"valueRequired\":true,\"valueName\":\"search_term_string\"}}],\"inLanguage\":\"fr-FR\"},{\"@type\":[\"Organization\",\"Place\"],\"@id\":\"https:\\\/\\\/dostech.ma\\\/iptvmaroc\\\/#organization\",\"name\":\"dostech\",\"url\":\"https:\\\/\\\/dostech.ma\\\/iptvmaroc\\\/\",\"logo\":{\"@id\":\"https:\\\/\\\/dostech.ma\\\/iptvmaroc\\\/produit\\\/abonnement-iptv-basic-iptv-maroc-a-prix-pas-cher\\\/#local-main-organization-logo\"},\"image\":{\"@id\":\"https:\\\/\\\/dostech.ma\\\/iptvmaroc\\\/produit\\\/abonnement-iptv-basic-iptv-maroc-a-prix-pas-cher\\\/#local-main-organization-logo\"},\"telephone\":[],\"openingHoursSpecification\":[{\"@type\":\"OpeningHoursSpecification\",\"dayOfWeek\":[\"Monday\",\"Tuesday\",\"Wednesday\",\"Thursday\",\"Friday\",\"Saturday\",\"Sunday\"],\"opens\":\"09:00\",\"closes\":\"17:00\"}]},{\"@type\":\"ImageObject\",\"inLanguage\":\"fr-FR\",\"@id\":\"https:\\\/\\\/dostech.ma\\\/iptvmaroc\\\/produit\\\/abonnement-iptv-basic-iptv-maroc-a-prix-pas-cher\\\/#local-main-organization-logo\",\"url\":\"https:\\\/\\\/dostech.ma\\\/wp-content\\\/uploads\\\/2025\\\/11\\\/Dostech-1.webp\",\"contentUrl\":\"https:\\\/\\\/dostech.ma\\\/wp-content\\\/uploads\\\/2025\\\/11\\\/Dostech-1.webp\",\"width\":1122,\"height\":228,\"caption\":\"dostech\"}]}<\/script>\n<meta property=\"product:price:amount\" content=\"250.00\" \/>\n<meta property=\"product:price:currency\" content=\"MAD\" \/>\n<meta property=\"og:availability\" content=\"instock\" \/>\n<meta property=\"product:availability\" content=\"instock\" \/>\n<meta property=\"product:retailer_item_id\" content=\"IPTV-BASIC-001\" \/>\n<meta property=\"product:condition\" content=\"new\" \/>\n<!-- \/ Yoast SEO Premium plugin. -->","yoast_head_json":{"title":"Abonnement IPTV Basic - IPTV Maroc a Prix Pas Cher - dostech","description":"D\u00e9couvrez notre Abonnement IPTV Basic avec plus de 10000 cha\u00eenes TV et VOD. Profitez d'une qualit\u00e9 HD exceptionnelle et d'un service stable pour regarder","robots":{"index":"index","follow":"follow","max-snippet":"max-snippet:-1","max-image-preview":"max-image-preview:large","max-video-preview":"max-video-preview:-1"},"canonical":"https:\/\/dostech.ma\/iptvmaroc\/produit\/abonnement-iptv-basic-iptv-maroc-a-prix-pas-cher\/","og_locale":"fr_FR","og_type":"article","og_title":"Abonnement IPTV Basic - IPTV Maroc a Prix Pas Cher","og_description":"D\u00e9couvrez notre Abonnement IPTV Basic avec plus de 10000 cha\u00eenes TV et VOD. Profitez d'une qualit\u00e9 HD exceptionnelle et d'un service stable pour regarder","og_url":"https:\/\/dostech.ma\/iptvmaroc\/produit\/abonnement-iptv-basic-iptv-maroc-a-prix-pas-cher\/","og_site_name":"dostech","article_modified_time":"2026-04-04T08:10:56+00:00","og_image":[{"width":1024,"height":1024,"url":"https:\/\/dostech.ma\/wp-content\/uploads\/2025\/02\/ChatGPT-Image-21-nov.-2025-19_48_11-1.webp","type":"image\/webp"}],"twitter_card":"summary_large_image","twitter_misc":{"Prix":"250,00&nbsp;&#x62f;.&#x645;.","Disponibilit\u00e9":"En stock"},"schema":{"@context":"https:\/\/schema.org","@graph":[{"@type":"WebPage","@id":"https:\/\/dostech.ma\/iptvmaroc\/produit\/abonnement-iptv-basic-iptv-maroc-a-prix-pas-cher\/","url":"https:\/\/dostech.ma\/iptvmaroc\/produit\/abonnement-iptv-basic-iptv-maroc-a-prix-pas-cher\/","name":"Abonnement IPTV Basic - IPTV Maroc a Prix Pas Cher - dostech","isPartOf":{"@id":"https:\/\/dostech.ma\/iptvmaroc\/#website"},"primaryImageOfPage":{"@id":"https:\/\/dostech.ma\/iptvmaroc\/produit\/abonnement-iptv-basic-iptv-maroc-a-prix-pas-cher\/#primaryimage"},"image":{"@id":"https:\/\/dostech.ma\/iptvmaroc\/produit\/abonnement-iptv-basic-iptv-maroc-a-prix-pas-cher\/#primaryimage"},"thumbnailUrl":"https:\/\/dostech.ma\/wp-content\/uploads\/2025\/02\/ChatGPT-Image-21-nov.-2025-19_48_11-1.webp","datePublished":"2025-02-21T23:50:21+00:00","dateModified":"2026-04-04T08:10:56+00:00","description":"D\u00e9couvrez notre Abonnement IPTV Basic avec plus de 10000 cha\u00eenes TV et VOD. Profitez d'une qualit\u00e9 HD exceptionnelle et d'un service stable pour regarder","breadcrumb":{"@id":"https:\/\/dostech.ma\/iptvmaroc\/produit\/abonnement-iptv-basic-iptv-maroc-a-prix-pas-cher\/#breadcrumb"},"inLanguage":"fr-FR","potentialAction":[{"@type":"ReadAction","target":["https:\/\/dostech.ma\/iptvmaroc\/produit\/abonnement-iptv-basic-iptv-maroc-a-prix-pas-cher\/"]}]},{"@type":"ImageObject","inLanguage":"fr-FR","@id":"https:\/\/dostech.ma\/iptvmaroc\/produit\/abonnement-iptv-basic-iptv-maroc-a-prix-pas-cher\/#primaryimage","url":"https:\/\/dostech.ma\/wp-content\/uploads\/2025\/02\/ChatGPT-Image-21-nov.-2025-19_48_11-1.webp","contentUrl":"https:\/\/dostech.ma\/wp-content\/uploads\/2025\/02\/ChatGPT-Image-21-nov.-2025-19_48_11-1.webp","width":1024,"height":1024,"caption":"Abonnement-IPTV-BASIC"},{"@type":"BreadcrumbList","@id":"https:\/\/dostech.ma\/iptvmaroc\/produit\/abonnement-iptv-basic-iptv-maroc-a-prix-pas-cher\/#breadcrumb","itemListElement":[{"@type":"ListItem","position":1,"name":"Home","item":"https:\/\/dostech.ma\/iptvmaroc\/"},{"@type":"ListItem","position":2,"name":"Abonnement IPTV","item":"https:\/\/dostech.ma\/iptvmaroc\/"},{"@type":"ListItem","position":3,"name":"Abonnement IPTV Basic &#8211; IPTV Maroc a Prix Pas Cher"}]},{"@type":"WebSite","@id":"https:\/\/dostech.ma\/iptvmaroc\/#website","url":"https:\/\/dostech.ma\/iptvmaroc\/","name":"dostech","description":"","publisher":{"@id":"https:\/\/dostech.ma\/iptvmaroc\/#organization"},"potentialAction":[{"@type":"SearchAction","target":{"@type":"EntryPoint","urlTemplate":"https:\/\/dostech.ma\/iptvmaroc\/?s={search_term_string}"},"query-input":{"@type":"PropertyValueSpecification","valueRequired":true,"valueName":"search_term_string"}}],"inLanguage":"fr-FR"},{"@type":["Organization","Place"],"@id":"https:\/\/dostech.ma\/iptvmaroc\/#organization","name":"dostech","url":"https:\/\/dostech.ma\/iptvmaroc\/","logo":{"@id":"https:\/\/dostech.ma\/iptvmaroc\/produit\/abonnement-iptv-basic-iptv-maroc-a-prix-pas-cher\/#local-main-organization-logo"},"image":{"@id":"https:\/\/dostech.ma\/iptvmaroc\/produit\/abonnement-iptv-basic-iptv-maroc-a-prix-pas-cher\/#local-main-organization-logo"},"telephone":[],"openingHoursSpecification":[{"@type":"OpeningHoursSpecification","dayOfWeek":["Monday","Tuesday","Wednesday","Thursday","Friday","Saturday","Sunday"],"opens":"09:00","closes":"17:00"}]},{"@type":"ImageObject","inLanguage":"fr-FR","@id":"https:\/\/dostech.ma\/iptvmaroc\/produit\/abonnement-iptv-basic-iptv-maroc-a-prix-pas-cher\/#local-main-organization-logo","url":"https:\/\/dostech.ma\/wp-content\/uploads\/2025\/11\/Dostech-1.webp","contentUrl":"https:\/\/dostech.ma\/wp-content\/uploads\/2025\/11\/Dostech-1.webp","width":1122,"height":228,"caption":"dostech"}]},"product_price_amount":"250.00","product_price_currency":"MAD","og_availability":"instock","product_availability":"instock","product_retailer_item_id":"IPTV-BASIC-001","product_condition":"new"},"taxonomy_info":{"product_cat":[{"value":230,"label":"IPTV Premium"}]},"featured_image_src_large":["https:\/\/dostech.ma\/wp-content\/uploads\/2025\/02\/ChatGPT-Image-21-nov.-2025-19_48_11-1.webp",1024,1024,false],"author_info":[],"comment_info":9,"uagb_featured_image_src":{"full":["https:\/\/dostech.ma\/wp-content\/uploads\/2025\/02\/ChatGPT-Image-21-nov.-2025-19_48_11-1.webp",1024,1024,false],"thumbnail":["https:\/\/dostech.ma\/wp-content\/uploads\/2025\/02\/ChatGPT-Image-21-nov.-2025-19_48_11-1-150x150.webp",150,150,true],"medium":["https:\/\/dostech.ma\/wp-content\/uploads\/2025\/02\/ChatGPT-Image-21-nov.-2025-19_48_11-1-300x300.webp",300,300,true],"medium_large":["https:\/\/dostech.ma\/wp-content\/uploads\/2025\/02\/ChatGPT-Image-21-nov.-2025-19_48_11-1-768x768.webp",768,768,true],"large":["https:\/\/dostech.ma\/wp-content\/uploads\/2025\/02\/ChatGPT-Image-21-nov.-2025-19_48_11-1.webp",1024,1024,false],"1536x1536":["https:\/\/dostech.ma\/wp-content\/uploads\/2025\/02\/ChatGPT-Image-21-nov.-2025-19_48_11-1.webp",1024,1024,false],"2048x2048":["https:\/\/dostech.ma\/wp-content\/uploads\/2025\/02\/ChatGPT-Image-21-nov.-2025-19_48_11-1.webp",1024,1024,false],"gform-image-choice-sm":["https:\/\/dostech.ma\/wp-content\/uploads\/2025\/02\/ChatGPT-Image-21-nov.-2025-19_48_11-1.webp",300,300,false],"gform-image-choice-md":["https:\/\/dostech.ma\/wp-content\/uploads\/2025\/02\/ChatGPT-Image-21-nov.-2025-19_48_11-1.webp",400,400,false],"gform-image-choice-lg":["https:\/\/dostech.ma\/wp-content\/uploads\/2025\/02\/ChatGPT-Image-21-nov.-2025-19_48_11-1.webp",600,600,false],"woocommerce_thumbnail":["https:\/\/dostech.ma\/wp-content\/uploads\/2025\/02\/ChatGPT-Image-21-nov.-2025-19_48_11-1-300x300.webp",300,300,true],"woocommerce_single":["https:\/\/dostech.ma\/wp-content\/uploads\/2025\/02\/ChatGPT-Image-21-nov.-2025-19_48_11-1-600x600.webp",600,600,true],"woocommerce_gallery_thumbnail":["https:\/\/dostech.ma\/wp-content\/uploads\/2025\/02\/ChatGPT-Image-21-nov.-2025-19_48_11-1-100x100.webp",100,100,true]},"uagb_author_info":{"display_name":"pedro","author_link":"https:\/\/dostech.ma\/iptvmaroc\/author\/"},"uagb_comment_info":9,"uagb_excerpt":"IPTV Basic \u2728 IPTV Basico offre un acc\u00e8s premium: \u2713 Plus de 7000 cha\u00eenes \u2713Qualit\u00e9 HD pour plus de 5000 cha\u00eenes \u2713Disponibilit\u00e9 de 99,9% garantissant un service fiable \u2713 Compatibilit\u00e9 multi-appareils (smart TV, Android Box, PC, MAC, smartphones) \u2713 Support 24\/7 \ud83c\udfaf Prix: 250DH \ud83c\udf81 SUPPORT: Essai gratuit 24h\/7 \u26a1 Installation rapide en 5 minutes","_links":{"self":[{"href":"https:\/\/dostech.ma\/iptvmaroc\/wp-json\/wp\/v2\/product\/809","targetHints":{"allow":["GET"]}}],"collection":[{"href":"https:\/\/dostech.ma\/iptvmaroc\/wp-json\/wp\/v2\/product"}],"about":[{"href":"https:\/\/dostech.ma\/iptvmaroc\/wp-json\/wp\/v2\/types\/product"}],"replies":[{"embeddable":true,"href":"https:\/\/dostech.ma\/iptvmaroc\/wp-json\/wp\/v2\/comments?post=809"}],"wp:featuredmedia":[{"embeddable":true,"href":"https:\/\/dostech.ma\/iptvmaroc\/wp-json\/wp\/v2\/media\/1773"}],"wp:attachment":[{"href":"https:\/\/dostech.ma\/iptvmaroc\/wp-json\/wp\/v2\/media?parent=809"}],"wp:term":[{"taxonomy":"product_brand","embeddable":true,"href":"https:\/\/dostech.ma\/iptvmaroc\/wp-json\/wp\/v2\/product_brand?post=809"},{"taxonomy":"product_cat","embeddable":true,"href":"https:\/\/dostech.ma\/iptvmaroc\/wp-json\/wp\/v2\/product_cat?post=809"},{"taxonomy":"product_tag","embeddable":true,"href":"https:\/\/dostech.ma\/iptvmaroc\/wp-json\/wp\/v2\/product_tag?post=809"}],"curies":[{"name":"wp","href":"https:\/\/api.w.org\/{rel}","templated":true}]}}